{"id":25421,"date":"2018-07-13T16:22:35","date_gmt":"2018-07-13T15:22:35","guid":{"rendered":"https:\/\/www.jamalfi.bio\/terms-and-conditions\/"},"modified":"2023-10-11T12:03:42","modified_gmt":"2023-10-11T11:03:42","slug":"termini-e-condizioni","status":"publish","type":"page","link":"https:\/\/www.jamalfi.bio\/it\/termini-e-condizioni\/","title":{"rendered":"Termini e Condizioni"},"content":{"rendered":"<div class=\"wpb_wrapper\">\n<h2 class=\"vc_custom_heading letter-8 vc_custom_1532413053276\" style=\"font-size: 14px; color: #83507d; line-height: 14px; text-align: center; font-family: Raleway; font-weight: bold; font-style: normal;\">Dall&#8217;Eden della Costiera Amalfitana, l&#8217;ultimo paradiso dei sensi<\/h2>\n<h1 class=\"vc_custom_heading letter-3 responsive-size vc_custom_1532413062909\" style=\"font-size: 52px; color: #3c3c3c; line-height: 1.2em; text-align: center; font-family: Raleway; font-weight: 900; font-style: normal;\">Termini e condizioni<\/h1>\n<\/div>\n<p>&nbsp;<\/p>\n<p style=\"text-align: center;\"><strong>DISPOSIZIONI GENERALI<\/strong><\/p>\n<p>Dove si indica chi siamo e si fa riferimento al Codice del consumo (www.codicedelconsumo.it)<\/p>\n<p>Le presenti condizioni sono valide esclusivamente tra la societ\u00e0 Jamalfi srl in liq.ne., Via delle Cartiere 104, AMALFI P.IVA. 05551270654 di seguito denominata JAMALFI e qualsiasi persona che effettua acquisti online sul sito internet www.jamalfi.bio di seguito denominata \u201cCLIENTE\u201d. Queste condizioni possono essere oggetto di modifiche, la data di messa in linea equivale alla data di entrata in vigore.<\/p>\n<p>Le presenti condizioni generali disciplinano gli acquisti effettuati sul sito www.jamalfi.bio , conformemente agli articoli 50 e seguenti del D.Lgs n. 206 del 6 settembre 2005, Codice del consumo, sezione II del capo I del Titolo terzo della Parte terza, ai quali si rimanda come previsto dall\u2019art. 60 del Codice del consumo, nonch\u00e9 a successive modifiche ed integrazioni.<\/p>\n<p><strong>ARTICOLO 1 \u2013 Oggetto del contratto e prezzi<\/strong><\/p>\n<p>Con le presenti condizioni generali di vendita, JAMALFI vende e il CLIENTE acquista a distanza i beni mobili materiali indicati ed offerti in vendita sul sito www.jamalfi.bio di seguito denominata \u201cCLIENTE\u201d. I prezzi di vendita dei prodotti illustrati sul sito web sono comprensivi di I.V.A. Le spese di consegna sono indicate separatamente in apposita sezione e variano a seconda della natura della spedizione.<\/p>\n<p><strong>ARTICOLO 2 \u2013 Conclusione ed efficacia del contratto<\/strong><\/p>\n<p>Il contratto stipulato tra JAMALFI ed il Cliente deve intendersi concluso nel momento in cui l\u2019ordine inoltrato dal Cliente \u2013 nel rispetto della procedura di acquisto indicata sul Sito \u2013 perviene all\u2019indirizzo del Sito. L\u2019ordine inviato dal Cliente sar\u00e0 vincolante per JAMALFI solo se l\u2019intera procedura di acquisto sia stata completata regolarmente ed in modo corretto, senza alcuna evidenziazione di messaggi di errore da parte del Sito. JAMALFI non risponde di malfunzionamenti dipendenti dal gestore della rete di trasmissione dei dati.<\/p>\n<p>Il contratto si intende concluso nel momento della comunicazione di conferma di ricezione dell\u2019ordine da parte di JAMALFI inoltrando l\u2019ordine a JAMALFI, il Cliente riconosce e dichiara di aver preso visione di tutte le indicazioni fornitegli durante le procedure previste e di accettare integralmente le condizioni generali di vendita.<\/p>\n<p>La corretta ricezione dell\u2019ordine \u00e8 confermata da JAMALFI mediante una comunicazione via e-mail, inviata all\u2019indirizzo di posta elettronica indicato dal Cliente all\u2019atto dell\u2019ordine. La comunicazione di conferma riporter\u00e0 il numero identificativo, la data e l\u2019ora di effettuazione dell\u2019ordine, l\u2019indicazione dei prodotti acquistati, il relativo prezzo, le spese di consegna e di eventuale contrassegno, i dati forniti dal Cliente per la fatturazione e per la consegna, la modalit\u00e0 di pagamento scelta dal Cliente ed un riepilogo delle condizioni generali di vendita.<\/p>\n<p>Il Cliente deve senza indugio verificare il contenuto della comunicazione e segnalare immediatamente ad JAMALFI eventuali errori od omissioni<\/p>\n<p><strong>ARTICOLO 3 \u2013 Disponibilit\u00e0 dei prodotti<\/strong><\/p>\n<p>La disponibilit\u00e0 dei prodotti si riferisce a quella presente nel momento in cui il CLIENTE consulta le schede del prodotto; questa deve comunque essere considerata puramente indicativa perch\u00e9, per effetto della contemporanea presenza sul sito di pi\u00f9 utenti, i prodotti potrebbero essere venduti ad altri prima della conferma dell\u2019ordine.<\/p>\n<p>L\u2019ordine non potr\u00e0 essere effettuato in relazione ai prodotti che, pur presenti nel catalogo del Sito, vengano indicati come non disponibili. Anche in seguito all\u2019invio dell\u2019e-mail di conferma dell\u2019ordine da parte di JAMALFI, potrebbero verificarsi casi di indisponibilit\u00e0 parziale o totale della merce. In questa eventualit\u00e0, il Cliente verr\u00e0 tempestivamente informato e potr\u00e0 decidere se accettare la consegna dei soli prodotti disponibili o richiedere l\u2019annullamento dell\u2019ordine comunicandolo via e-mail a servizio clienti.<\/p>\n<p>JAMALFI si impegna a descrivere e presentare gli articoli in vendita sul sito nel miglior modo possibile. Ci\u00f2 nonostante potrebbero evidenziarsi alcuni errori, imprecisioni o piccole differenze.<\/p>\n<p>Le fotografie dei prodotti presentate su www.jamalfi.bio costituiscono elemento contrattuale<\/p>\n<p><strong>ARTICOLO 4 \u2013 Modalit\u00e0 di pagamento<\/strong><\/p>\n<p>Contrassegno<\/p>\n<p>In caso di acquisto in contrassegno, il pagamento dovr\u00e0 essere eseguito esclusivamente con denaro contante al corriere che effettuer\u00e0 la consegna. Comporter\u00e0 una maggiorazione delle spese di spedizione di \u20ac 5,00 per ciascun ordine.<\/p>\n<p>Bonifico Bancario Anticipato<\/p>\n<p>In caso di pagamento tramite bonifico bancario anticipato, l\u2019esecuzione della consegna di quanto ordinato dal Cliente verr\u00e0 mantenuta sospesa fino all\u2019avvenuto accredito dell\u2019importo dovuto sul conto bancario di JAMALFI.<\/p>\n<p>Il bonifico dovr\u00e0 essere effettuato dal Cliente entro le 48 ore lavorativi dalla ricezione dell\u2019e-mail che attesta la ricevuta dell\u2019ordine ed il Cliente dovr\u00e0 fornire prova dell\u2019ordine del bonifico inviandone copia a JAMALFI tramite posta elettronica all\u2019indirizzo info@jamalfi.bio \u2013 entro tre giorni lavorativi dalla ricezione dell\u2019e-mail che attesta la ricevuta dell\u2019ordine.<\/p>\n<p>L\u2019accredito dell\u2019importo bonificato sul conto di JAMALFI dovr\u00e0 avvenire entro otto giorni lavorativi dalla ricezione dell\u2019email che attesta la ricevuta dell\u2019ordine. Decorso invano uno dei tre termini sopra citati, l\u2019ordine si intender\u00e0 automaticamente annullato e non sar\u00e0 evaso. La causale del bonifico bancario dovr\u00e0 riportare:<\/p>\n<p>nome e cognome, ragione o denominazione sociale dell\u2019intestatario dell\u2019ordine;<\/p>\n<p>il numero di riferimento dell\u2019ordine;<\/p>\n<p>la data di effettuazione dell\u2019ordine.<\/p>\n<p>Pagamento con moneta elettronica tramite il servizio PayPal<\/p>\n<p>In caso di acquisto attraverso la modalit\u00e0 di pagamento PayPal, a conclusione dell\u2019ordine, il Cliente viene indirizzato alla pagina di login di PayPal. PayPal gestisce sia i pagamenti effettuati dai propri iscritti che hanno un account PayPal, sia dagli Utenti che non sono ancora registrati.<\/p>\n<p>Non \u00e8 quindi necessario registrarsi su PayPal n\u00e9 prima, n\u00e9 dopo il pagamento. L\u2019importo relativo all\u2019ordine viene addebitato sul conto PayPal al momento dell\u2019acquisizione dell\u2019ordine. In caso di annullamento dell\u2019ordine, sia da parte del Cliente sia nel caso di mancata accettazione di JAMALFI, l\u2019importo sar\u00e0 rimborsato sul conto PayPal del Cliente.<\/p>\n<p>Richiesto l\u2019annullamento della transazione, in nessun caso JAMALFI pu\u00f2 essere ritenuta responsabile per eventuali danni, diretti o indiretti, provocati da ritardo nel mancato svincolo dell\u2019importo impegnato da parte di PayPal. In nessun momento della procedura di acquisto JAMALFI \u00e8 in grado di conoscere le informazioni finanziarie del Cliente. Per ogni transazione eseguita con il conto PayPal il Cliente ricever\u00e0 un\u2019email di conferma da PayPal.<\/p>\n<p><strong>ARTICOLO 5 \u2013 Modalit\u00e0 e spese di consegna<\/strong><\/p>\n<p>Sulle garanzie di spedizione, sui costi e sui rapporti con i vettori e sui dettagli del recapito JAMALFI si impegna a spedire la merce entro 3 giorni lavorativi in Italia ed entro 5 giorni lavorativi in Europa, decorrenti dalla comunicazione via e-mail da parte di JAMALFI per la conferma di ricezione dell\u2019ordine, salvo gli acquisti effettuati con bonifico bancario.<\/p>\n<p>Per ogni ordine effettuato sul sito, JAMALFI emette fattura della merce spedita, inviandola tramite casella di posta elettronica certificata. Per l\u2019emissione della fattura, fanno fede le informazioni fornite dal Cliente all\u2019atto dell\u2019ordine.<\/p>\n<p>Le spese di consegna sono a carico del Cliente, nella misura indicata nell\u2019avviso di ricevimento dell\u2019ordine.<\/p>\n<p>Il costo di spedizione \u00e8 di:<\/p>\n<ul>\n<li>\u20ac 4,90 per l\u2019Italia;<\/li>\n<li>\u20ac 10,42 per l\u2019Europe Area 1, 2 e 3;<\/li>\n<li>\u20ac 16,92 per l\u2019Europe Area 4;<\/li>\n<li>\u20ac 35,00 per gli USA;<\/li>\n<li>Per tutti gli altri paesi bisogner\u00e0 verificare i costi e vincoli doganali per l&#8217;esportazione prima di procedere con la stima dei relativi costi e con gli ordini. Per una verifica e preventivo potete inviare una email al seguente indirizzo: info@jamalfi.bio.<\/li>\n<\/ul>\n<p>Per la consegna della merce \u00e8 necessaria la presenza del Cliente o di un suo incaricato all\u2019indirizzo del destinatario indicato nell\u2019ordine. Al momento della consegna della merce da parte del corriere, il Cliente \u00e8 tenuto a controllare:<\/p>\n<p>che il numero dei colli in consegna corrisponda a quanto indicato sul documento di trasporto (DDT)\/fattura accompagnatoria;<\/p>\n<p>che l\u2019imballo risulti integro, non danneggiato, n\u00e9 bagnato o comunque alterato, anche nei materiali di chiusura. Eventuali danni all\u2019imballo e\/o al prodotto o la mancata corrispondenza del numero dei colli o delle indicazioni devono essere immediatamente contestati, apponendo una riserva di controllo scritta sulla prova di consegna del Corriere. Una volta firmato il documento del corriere, il Cliente non potr\u00e0 opporre alcuna contestazione circa le caratteristiche esteriori di quanto consegnato.<\/p>\n<p>I tempi stabiliti per la consegna della merce devono considerarsi indicativi. In caso di esito negativo della consegna, JAMALFI tenter\u00e0 di contattare il Cliente per definire ed eventualmente risolvere le cause del mancato recapito.<\/p>\n<p>L\u2019ordine si riterr\u00e0 annullato per impossibilit\u00e0 di eseguire il recapito. Dell\u2019annullamento, JAMALFI dar\u00e0 comunicazione al Cliente tramite e-mail. L\u2019importo gi\u00e0 eventualmente pagato dal Cliente sar\u00e0 rimborsato il pi\u00f9 presto possibile, e comunque non oltre trenta giorni dalla ricezione dell\u2019ordine di acquisto, con detrazione delle spese sostenute per i tentativi di consegna.<\/p>\n<p><strong>ARTICOLO 6 \u2013 Diritto di recesso<\/strong><\/p>\n<p>Su tutte le ampie garanzie che tutelano il Cliente a norma di Legge 19. Ai sensi dell\u2019art. 64 D. Lgs. n. 206\/2005, se il Cliente \u00e8 un consumatore (ossia una persona fisica che acquista la merce per scopi estranei alla attivit\u00e0 imprenditoriale o professionale eventualmente svolta, ovvero non effettua l\u2019acquisto indicando nel modulo d\u2019ordine un riferimento di partita IVA), ha diritto di recedere dal contratto senza alcuna penalit\u00e0 e senza specificarne il motivo, entro il termine di 10 giorni lavorativi decorrenti dalla conclusione del contratto.<\/p>\n<p>Il recesso dovr\u00e0 essere manifestato mediante l\u2019invio nel predetto termine di giorni 10 di una lettera raccomandata con avviso di ricevimento al seguente indirizzo:<\/p>\n<p>JAMALFI SRL in liq.ne.<\/p>\n<p>Via Delle Cartiere 104<\/p>\n<p>84011 AMALFI<\/p>\n<p>info@jamalfi.bio<\/p>\n<p>Entro lo stesso termine pu\u00f2 essere inviato un telegramma o un fax al quale dovr\u00e0 seguire entro 48 ore la suindicata lettera raccomandata con avviso di ricevimento a conferma del manifestato recesso. Entro il suindicato termine di giorni 10 dovranno essere restituiti al mittente-fornitore tutti i beni acquistati integri e nella loro confezione originaria e degli eventuali accessori, senza alcuna mancanza. Le spese di restituzione saranno a carico del Cliente.<\/p>\n<p>Una volta ricevuta la richiesta JAMALFI provveder\u00e0 all\u2019inoltro dell\u2019intero importo versato dal consumatore entro il termine di trenta giorni, con valuta bancaria in ogni caso non superiore al quindicesimo giorno lavorativo a partire dalla data di ricevimento della comunicazione di recesso. Sar\u00e0 cura del consumatore fornire tempestivamente le coordinate bancarie sulle quali ottenere il bonifico (Cod. ABI, CAB, Conto corrente, iban )<\/p>\n<p><strong>ARTICOLO 7 \u2013 Reclami<\/strong><\/p>\n<p>Ogni eventuale reclamo del Cliente dovr\u00e0 essere rivolto per posta elettronica al seguente indirizzo e-mail info@jamalfi.bio .<\/p>\n<p><strong>ARTICOLO 8 \u2013 Responsabilit\u00e0 dei terzi ausiliari<\/strong><\/p>\n<p>JAMALFI non \u00e8 responsabile dell\u2019operato dei terzi che, in qualit\u00e0 di ausiliari autonomi, intervengono nella gestione o effettuazione delle operazioni di pagamento, di consegna della merce ed in ogni altra operazione connessa all\u2019esecuzione dei contratti conclusi tramite il Sito.<\/p>\n<p><strong>ARTICOLO 9 \u2013 Legge applicabile e Foro competente<\/strong><\/p>\n<p>Il contratto di vendita tra il Cliente e JAMALFI \u00e8 governato dalla legge italiana, con esclusione dell\u2019operativit\u00e0 delle norme di conflitto. Per le controversie civili concernenti i contratti di vendita tra il Cliente e JAMALFI conclusi attraverso il Sito, se il Cliente \u00e8 un consumatore la competenza territoriale spetta inderogabilmente al giudice del luogo di residenza o di domicilio del Cliente, ove ubicati in Italia. In tutti gli altri casi, la competenza territoriale spetta inderogabilmente al Foro di Salerno.<\/p>\n<p><strong>ARTICOLO 10 \u2013 Procedure di reso<\/strong><\/p>\n<p>diritto di recesso<\/p>\n<p>Il diritto di recesso \u00e8 riservato al consumatore privato e non vi si possono avvalere i clienti che acquistano con Partita IVA. Se l\u2019acquisto \u00e8 stato effettuato da cliente privato (quindi senza emissione di fattura) \u00e8 possibile recedere dal contratto di acquisto per qualsiasi motivo entro 10 giorni dalla data di consegna.<\/p>\n<p>Per esercitare il diritto di recesso occorre tenere presente queste semplici regole:<\/p>\n<p>Il termine per la restituzione del bene \u00e8 al massimo di quattordici giorni lavorativi decorrenti dalla data del ricevimento. Ai fini della scadenza del termine la merce si intende restituita nel momento in cui viene consegnata all\u2019ufficio postale accettante o allo spedizioniere.<\/p>\n<p>L\u2019 integrit\u00e0 del bene da restituire \u00e8 condizione essenziale per l\u2019esercizio del diritto di recesso. Trattandosi di prodotti cosmetici \u00e8 necessario che essi siano integri nel loro imballo originale. Non verranno accettati resi di prodotti privi della loro scatola o aperti o utilizzati.<\/p>\n<p>Le sole spese dovute dal consumatore per l\u2019esercizio del diritto di recesso sono le spese dirette di restituzione del bene al mittente. Jamalfi srl in liq.ne.non accetter\u00e0 resi di prodotti con spedizioni in porto assegnato.<\/p>\n<p>Entro quattordici giorni dalla data in cui \u00e8 stato esercitato il diritto di recesso da parte del consumatore le somme pagate verranno rimborsate al consumatore. Per effettuare un reso di prodotti per diritto di recesso il cliente dovr\u00e0 preventivamente informare JAMALFI SRLin liq.ne. per iscritto inviando un\u2019e-mail all\u2019indirizzo info@jamalfi.bio. Successivamente il cliente ricever\u00e0 da JAMALFI SRL in liq.ne. una mail di conferma per l\u2019effettuazione del reso.<\/p>\n<span class=\"et_bloom_bottom_trigger\"><\/span>","protected":false},"excerpt":{"rendered":"<p>&#8230;<\/p>\n","protected":false},"author":1,"featured_media":0,"parent":0,"menu_order":0,"comment_status":"closed","ping_status":"closed","template":"","meta":{"footnotes":""},"class_list":["post-25421","page","type-page","status-publish","hentry"],"yoast_head":"<!-- This site is optimized with the Yoast SEO plugin v25.6 - https:\/\/yoast.com\/wordpress\/plugins\/seo\/ -->\n<title>Termini e Condizioni - Jamalfi Biocosmetics<\/title>\n<meta name=\"robots\" content=\"noindex, follow\" \/>\n<meta property=\"og:locale\" content=\"it_IT\" \/>\n<meta property=\"og:type\" content=\"article\" \/>\n<meta property=\"og:title\" content=\"Termini e Condizioni - Jamalfi Biocosmetics\" \/>\n<meta property=\"og:description\" content=\"...\" \/>\n<meta property=\"og:url\" content=\"https:\/\/www.jamalfi.bio\/it\/termini-e-condizioni\/\" \/>\n<meta property=\"og:site_name\" content=\"Jamalfi Biocosmetics\" \/>\n<meta property=\"article:publisher\" content=\"http:\/\/www.facebook.com\/Jamalfibiocosmetics\/\" \/>\n<meta property=\"article:modified_time\" content=\"2023-10-11T11:03:42+00:00\" \/>\n<meta property=\"og:image\" content=\"https:\/\/www.jamalfi.bio\/wp-content\/uploads\/2018\/07\/Jamalfi-Bio-Cosmetics-new-logo-e1532077288475.png\" \/>\n\t<meta property=\"og:image:width\" content=\"201\" \/>\n\t<meta property=\"og:image:height\" content=\"100\" \/>\n\t<meta property=\"og:image:type\" content=\"image\/png\" \/>\n<meta name=\"twitter:card\" content=\"summary_large_image\" \/>\n<meta name=\"twitter:label1\" content=\"Tempo di lettura stimato\" \/>\n\t<meta name=\"twitter:data1\" content=\"9 minuti\" \/>\n<script type=\"application\/ld+json\" class=\"yoast-schema-graph\">{\"@context\":\"https:\/\/schema.org\",\"@graph\":[{\"@type\":\"WebPage\",\"@id\":\"https:\/\/www.jamalfi.bio\/it\/termini-e-condizioni\/\",\"url\":\"https:\/\/www.jamalfi.bio\/it\/termini-e-condizioni\/\",\"name\":\"Termini e Condizioni - Jamalfi Biocosmetics\",\"isPartOf\":{\"@id\":\"https:\/\/www.jamalfi.bio\/it\/#website\"},\"datePublished\":\"2018-07-13T15:22:35+00:00\",\"dateModified\":\"2023-10-11T11:03:42+00:00\",\"breadcrumb\":{\"@id\":\"https:\/\/www.jamalfi.bio\/it\/termini-e-condizioni\/#breadcrumb\"},\"inLanguage\":\"it-IT\",\"potentialAction\":[{\"@type\":\"ReadAction\",\"target\":[\"https:\/\/www.jamalfi.bio\/it\/termini-e-condizioni\/\"]}]},{\"@type\":\"BreadcrumbList\",\"@id\":\"https:\/\/www.jamalfi.bio\/it\/termini-e-condizioni\/#breadcrumb\",\"itemListElement\":[{\"@type\":\"ListItem\",\"position\":1,\"name\":\"Home\",\"item\":\"https:\/\/www.jamalfi.bio\/it\/\"},{\"@type\":\"ListItem\",\"position\":2,\"name\":\"Termini e Condizioni\"}]},{\"@type\":\"WebSite\",\"@id\":\"https:\/\/www.jamalfi.bio\/it\/#website\",\"url\":\"https:\/\/www.jamalfi.bio\/it\/\",\"name\":\"Jamalfi Biocosmetics\",\"description\":\"Beauty Rituals from Amalfi Coast\",\"potentialAction\":[{\"@type\":\"SearchAction\",\"target\":{\"@type\":\"EntryPoint\",\"urlTemplate\":\"https:\/\/www.jamalfi.bio\/it\/?s={search_term_string}\"},\"query-input\":{\"@type\":\"PropertyValueSpecification\",\"valueRequired\":true,\"valueName\":\"search_term_string\"}}],\"inLanguage\":\"it-IT\"}]}<\/script>\n<!-- \/ Yoast SEO plugin. -->","yoast_head_json":{"title":"Termini e Condizioni - Jamalfi Biocosmetics","robots":{"index":"noindex","follow":"follow"},"og_locale":"it_IT","og_type":"article","og_title":"Termini e Condizioni - Jamalfi Biocosmetics","og_description":"...","og_url":"https:\/\/www.jamalfi.bio\/it\/termini-e-condizioni\/","og_site_name":"Jamalfi Biocosmetics","article_publisher":"http:\/\/www.facebook.com\/Jamalfibiocosmetics\/","article_modified_time":"2023-10-11T11:03:42+00:00","og_image":[{"width":201,"height":100,"url":"https:\/\/www.jamalfi.bio\/wp-content\/uploads\/2018\/07\/Jamalfi-Bio-Cosmetics-new-logo-e1532077288475.png","type":"image\/png"}],"twitter_card":"summary_large_image","twitter_misc":{"Tempo di lettura stimato":"9 minuti"},"schema":{"@context":"https:\/\/schema.org","@graph":[{"@type":"WebPage","@id":"https:\/\/www.jamalfi.bio\/it\/termini-e-condizioni\/","url":"https:\/\/www.jamalfi.bio\/it\/termini-e-condizioni\/","name":"Termini e Condizioni - Jamalfi Biocosmetics","isPartOf":{"@id":"https:\/\/www.jamalfi.bio\/it\/#website"},"datePublished":"2018-07-13T15:22:35+00:00","dateModified":"2023-10-11T11:03:42+00:00","breadcrumb":{"@id":"https:\/\/www.jamalfi.bio\/it\/termini-e-condizioni\/#breadcrumb"},"inLanguage":"it-IT","potentialAction":[{"@type":"ReadAction","target":["https:\/\/www.jamalfi.bio\/it\/termini-e-condizioni\/"]}]},{"@type":"BreadcrumbList","@id":"https:\/\/www.jamalfi.bio\/it\/termini-e-condizioni\/#breadcrumb","itemListElement":[{"@type":"ListItem","position":1,"name":"Home","item":"https:\/\/www.jamalfi.bio\/it\/"},{"@type":"ListItem","position":2,"name":"Termini e Condizioni"}]},{"@type":"WebSite","@id":"https:\/\/www.jamalfi.bio\/it\/#website","url":"https:\/\/www.jamalfi.bio\/it\/","name":"Jamalfi Biocosmetics","description":"Beauty Rituals from Amalfi Coast","potentialAction":[{"@type":"SearchAction","target":{"@type":"EntryPoint","urlTemplate":"https:\/\/www.jamalfi.bio\/it\/?s={search_term_string}"},"query-input":{"@type":"PropertyValueSpecification","valueRequired":true,"valueName":"search_term_string"}}],"inLanguage":"it-IT"}]}},"_links":{"self":[{"href":"https:\/\/www.jamalfi.bio\/it\/wp-json\/wp\/v2\/pages\/25421"}],"collection":[{"href":"https:\/\/www.jamalfi.bio\/it\/wp-json\/wp\/v2\/pages"}],"about":[{"href":"https:\/\/www.jamalfi.bio\/it\/wp-json\/wp\/v2\/types\/page"}],"author":[{"embeddable":true,"href":"https:\/\/www.jamalfi.bio\/it\/wp-json\/wp\/v2\/users\/1"}],"replies":[{"embeddable":true,"href":"https:\/\/www.jamalfi.bio\/it\/wp-json\/wp\/v2\/comments?post=25421"}],"version-history":[{"count":0,"href":"https:\/\/www.jamalfi.bio\/it\/wp-json\/wp\/v2\/pages\/25421\/revisions"}],"wp:attachment":[{"href":"https:\/\/www.jamalfi.bio\/it\/wp-json\/wp\/v2\/media?parent=25421"}],"curies":[{"name":"wp","href":"https:\/\/api.w.org\/{rel}","templated":true}]}}