{"id":25388,"date":"2018-07-05T15:35:49","date_gmt":"2018-07-05T14:35:49","guid":{"rendered":"https:\/\/www.jamalfi.bio\/for-bio-cosmetics-retailers\/"},"modified":"2021-09-20T10:09:45","modified_gmt":"2021-09-20T09:09:45","slug":"negozi-bio-cosmetica","status":"publish","type":"page","link":"https:\/\/www.jamalfi.bio\/it\/negozi-bio-cosmetica\/","title":{"rendered":"Negozi Bio Cosmetica"},"content":{"rendered":"<div class=\"wpb-content-wrapper\"><p>[vc_row content_placement=&#8221;middle&#8221; el_class=&#8221;services-section&#8221;][vc_column][vc_custom_heading text=&#8221;Siamo alla costante ricerca di partner commerciali&#8221; font_container=&#8221;tag:h2|font_size:14px|text_align:center|color:%2383507d|line_height:14px&#8221; google_fonts=&#8221;font_family:Raleway%3A100%2C200%2C300%2Cregular%2C500%2C600%2C700%2C800%2C900|font_style:700%20bold%20regular%3A700%3Anormal&#8221; css=&#8221;.vc_custom_1532353462337{margin-bottom: 10px !important;}&#8221; el_class=&#8221;letter-8&#8243;][vc_custom_heading text=&#8221;Sei un negozio di prodotti biocosmetici?&#8221; font_container=&#8221;tag:h1|font_size:45px|text_align:center|color:%233c3c3c|line_height:1.2em&#8221; google_fonts=&#8221;font_family:Raleway%3A100%2C200%2C300%2Cregular%2C500%2C600%2C700%2C800%2C900|font_style:900%20bold%20regular%3A900%3Anormal&#8221; css=&#8221;.vc_custom_1532419541860{margin-bottom: 15px !important;}&#8221; el_class=&#8221;letter-3 responsive-size&#8221;][vc_column_text css=&#8221;.vc_custom_1532353912948{margin-bottom: 70px !important;}&#8221;]<\/p>\n<p style=\"color: #5f5f5f; font-size: 16px; text-align: center;\">La nostra azienda propone un concept innovativo che ci contraddistingue dagli altri brand, legato alla <strong>continua ricerca dell\u2019eccellenza<\/strong>, la cura per i dettagli e la sicurezza di formule naturali e dalla qualit\u00e0 ottimale. <strong>Jamalfi offre il sole, il mare e i giardini della Costiera Amalfitana<\/strong> racchiusi negli eleganti pack d\u2019autore, perfetti per essere regalati o acquistati <strong>per donarsi una coccola naturale, lussuosa e delicatamente profumata<\/strong>.<\/p>\n<p>[\/vc_column_text][\/vc_column][\/vc_row][vc_row bg_type=&#8221;bg_color&#8221; bg_override=&#8221;ex-full&#8221; bg_color_value=&#8221;#ffffff&#8221; el_id=&#8221;sec3&#8243; css=&#8221;.vc_custom_1530283863338{margin-top: 0px !important;margin-bottom: 0px !important;}&#8221;][vc_column width=&#8221;1\/2&#8243;]<div class=\"ult-animation  ult-no-mobile \" data-animate=\"No Animation\" data-animation-delay=\"0\" data-animation-duration=\"2\" data-animation-iteration=\"1\" style=\"\" >[vc_single_image image=&#8221;24756&#8243; img_size=&#8221;500X750&#8243; alignment=&#8221;center&#8221; css=&#8221;.vc_custom_1530880143586{border-radius: 3px !important;}&#8221;]<\/div>[\/vc_column][vc_column width=&#8221;1\/2&#8243;][vc_custom_heading text=&#8221;Stiamo cercando te!&#8221; font_container=&#8221;tag:h2|font_size:42px|text_align:center|color:%2383507d|line_height:1.2em&#8221; google_fonts=&#8221;font_family:Raleway%3A100%2C200%2C300%2Cregular%2C500%2C600%2C700%2C800%2C900|font_style:900%20bold%20regular%3A900%3Anormal&#8221; css=&#8221;.vc_custom_1532353927033{margin-bottom: 15px !important;}&#8221; el_class=&#8221;letter-3 responsive-size&#8221;][vc_column_text css=&#8221;.vc_custom_1532419556639{margin-bottom: 70px !important;}&#8221;]<\/p>\n<p style=\"color: #5f5f5f; font-size: 16px;\" align=\"justify\">I nostri prodotti bio per viso e corpo sono composti da ingredienti vegetali, biologici e particolarmente ricercati come: il <strong>limone sfusato amalfitano<\/strong> (astringente e idratante) e gli <strong>estratti di Kigelia e Quillaja<\/strong> (dermotensori e liftanti). Usiamo solo materie prime pregiate per creare prodotti bio viso e corpo delicati sulla pelle e altamente performanti.<\/p>\n<p style=\"color: #5f5f5f; font-size: 16px;\" align=\"justify\">Abbiamo investito molto nella <strong>certificazione<\/strong> del nostro prodotto, e manteniamo alto lo standard etico-qualitativo che ci siamo prefissati, forti delle eccellenze del nostro miglior testimonial: la <strong>Costiera Amalfitana<\/strong>.<\/p>\n<p style=\"color: #5f5f5f; font-size: 16px;\" align=\"justify\">Offriamo il massimo supporto promozionale ai nostri rivenditori, in particolare: <strong>campagne di comunicazione social<\/strong>, materiale promozionale <strong>personalizzabile<\/strong>, pianificazione e organizzazione di <strong>eventi promozionali negli store<\/strong>, etc.<\/p>\n<p style=\"color: #5f5f5f; font-size: 16px;\" align=\"justify\">Lavoriamo in sinergia con i nostri partner e rispondiamo con prontezza a qualsiasi tua necessit\u00e0.<\/p>\n<p style=\"color: #5f5f5f; font-size: 16px;\" align=\"justify\">Se cerchi cosmesi di fascia alta per viso\/corpo, certificata bio e un\u2019azienda affidabile e attenta a ripagare la fiducia concessa, siamo esattamente quello che fa per te!<\/p>\n<p>&nbsp;<\/p>\n<p style=\"text-align: center;\"><a class=\"btn active filled medium\" style=\"font-weight: 800;\" href=\"\/it\/contatti\/\">Contatta il nostro ufficio commerciale!<\/a><\/p>\n<p>[\/vc_column_text][\/vc_column][\/vc_row][vc_row][vc_column][vc_custom_heading text=&#8221;Trova il tuo stile&#8221; font_container=&#8221;tag:h2|font_size:42px|text_align:center|color:%2383507d|line_height:1.2em&#8221; google_fonts=&#8221;font_family:Raleway%3A100%2C200%2C300%2Cregular%2C500%2C600%2C700%2C800%2C900|font_style:900%20bold%20regular%3A900%3Anormal&#8221; css=&#8221;.vc_custom_1532354219820{margin-bottom: 15px !important;}&#8221; el_class=&#8221;letter-3 responsive-size&#8221;]<div class=\"woocommerce columns-4 \"><\/div><div class=\" ubtn-ctn-center \"><a class=\"ubtn-link ult-adjust-bottom-margin ubtn-center ubtn-block \" href=\"\/it\/shop\" ><button type=\"button\" id=\"ubtn-7385\"  class=\"ubtn ult-adjust-bottom-margin ult-responsive ubtn-block ubtn-no-hover-bg  none  ubtn-center   tooltip-69e033b0b3a67 ubtn-block\"  data-hover=\"\" data-border-color=\"\" data-bg=\"#83507d\" data-hover-bg=\"\" data-border-hover=\"\" data-shadow-hover=\"\" data-shadow-click=\"none\" data-shadow=\"\" data-shd-shadow=\"\"  data-ultimate-target='#ubtn-7385'  data-responsive-json-new='{\"font-size\":\"desktop:20px;\",\"line-height\":\"\"}'  style=\"font-weight:normal;border:none;background: #83507d;color: #ffffff;\"><span class=\"ubtn-hover\" style=\"background-color:\"><\/span><span class=\"ubtn-data ubtn-text \" >Clicca qui per accedere a tutto il catalogo<\/span><\/button><\/a><\/div>[\/vc_column][\/vc_row][vc_row bg_type=&#8221;bg_color&#8221; bg_override=&#8221;ex-full&#8221; bg_color_value=&#8221;#ffffff&#8221; css=&#8221;.vc_custom_1530283863338{margin-top: 0px !important;margin-bottom: 0px !important;}&#8221;][vc_column width=&#8221;1\/2&#8243;][vc_custom_heading text=&#8221;Perch\u00e9 sceglierci?&#8221; font_container=&#8221;tag:h2|font_size:42px|text_align:left|color:%2383507d|line_height:1.2em&#8221; google_fonts=&#8221;font_family:Raleway%3A100%2C200%2C300%2Cregular%2C500%2C600%2C700%2C800%2C900|font_style:900%20bold%20regular%3A900%3Anormal&#8221; css=&#8221;.vc_custom_1532354243924{margin-bottom: 15px !important;}&#8221; el_class=&#8221;letter-3 responsive-size&#8221;][vc_column_text css=&#8221;.vc_custom_1532458769883{margin-bottom: 70px !important;}&#8221;]<\/p>\n<h3>PICCOLI ORDINI, GRANDE CONVENIENZA<\/h3>\n<p style=\"color: #5f5f5f; font-size: 16px;\" align=\"justify\">Facciamo della <strong>flessibilit\u00e0<\/strong> l\u2019elemento distintivo della nostra proposta commerciale, offrendo condizioni economiche vantaggiose <strong>anche su lotti minimi<\/strong>. Prevediamo <strong>numerose premialit\u00e0<\/strong> al raggiungimento degli obiettivi e abbiniamo ai vostri ordini un&#8217;ampia offerta di <strong>campioncini monodose<\/strong>\u00a0per incentivare le vendite e la fidelizzazione.<\/p>\n<h3>ATTIVIT\u00c0 PROMOZIONALE PERSONALIZZABILE<\/h3>\n<p style=\"color: #5f5f5f; font-size: 16px;\" align=\"justify\">La promozione \u00e8 la base di una campagna commerciale vincente, per questo motivo supportiamo ampiamente tale aspetto fornendo: <strong>gadget personalizzabili in ceramica vietrese<\/strong> e campagne di comunicazione e promozione estremamente efficaci.<\/p>\n<h3>SUPPORTO MARKETING<\/h3>\n<p style=\"color: #5f5f5f; font-size: 16px;\" align=\"justify\">Pianifichiamo <strong>attivit\u00e0 di marketing ad hoc<\/strong> per i nostri partner tra cui: <strong>eventi esclusivi<\/strong> presso i punti vendita insieme a<strong> influencer<\/strong> del settore biocosmetico; lancio periodico di campagne pubblicitarie, workshop di approfondimento e aggiornamento sui nuovi prodotti, etc.<\/p>\n<p style=\"text-align: center;\"><a class=\"btn medium bordered\" style=\"color: #494949; font-weight: 500;\" href=\"\/it\/jamalfi-bio-cosmetica\">Scopri di pi\u00f9<\/a>\u00a0 \u00a0 \u00a0\u00a0<a class=\"btn active filled medium\" style=\"font-weight: 500;\" href=\"\/it\/shop\">Accedi allo Shop<\/a><\/p>\n<p>[\/vc_column_text][\/vc_column][vc_column width=&#8221;1\/2&#8243;]<div class=\"ult-animation  ult-no-mobile \" data-animate=\"No Animation\" data-animation-delay=\"0\" data-animation-duration=\"2\" data-animation-iteration=\"1\" style=\"\" >[vc_single_image image=&#8221;24761&#8243; img_size=&#8221;400X600&#8243; alignment=&#8221;center&#8221;]<\/div>[\/vc_column][\/vc_row][vc_row][vc_column][vc_custom_heading text=&#8221;DICONO DI NOI&#8221; font_container=&#8221;tag:h2|font_size:42px|text_align:center|color:%2383507d|line_height:1.2em&#8221; google_fonts=&#8221;font_family:Raleway%3A100%2C200%2C300%2Cregular%2C500%2C600%2C700%2C800%2C900|font_style:900%20bold%20regular%3A900%3Anormal&#8221; css=&#8221;.vc_custom_1532354480938{margin-bottom: 15px !important;}&#8221; el_class=&#8221;letter-3 responsive-size&#8221;]\n<div id=\"owl-testimonials\" class=\"testimonial-grid testimonials\" data-navigation=\"\" data-interval=\"10000\" data-speed=\"900\" data-stop-on-hover=\"\" >\n<div class=\"row\"><div id=\"quote-25345\" class=\"item col-lg-4 quote first\"><blockquote class=\"testimonials-text\"><span style=\"color: #767676;\"> \u201c\u2026 un olio prezioso dal potere anti-age ... Ripara e nutre la pelle spenta, stanca e devitalizzata. I risultati? Fin dalle prime applicazioni, noterete una pelle luminosa e nutrita, vellutata\u2026\u201d <\/span><\/blockquote><div class=\"testimonial-info\"><a class=\"avatar-link\"><img decoding=\"async\" src=\"https:\/\/www.jamalfi.bio\/wp-content\/uploads\/2018\/07\/elena-rossi-vanity-space-60x60.jpg\"><\/a> <div class=\"testimonial-author\"><cite class=\"author\"><strong>Vanity Space Blog<\/strong> <span class=\"url\"><a href=\"https:\/\/www.youtube.com\/watch?v=zA8eT5L-vjQ\">https:\/\/www.youtube.com\/watch?v=zA8eT5L-vjQ<\/a><\/span><!--\/.excerpt-->\n<\/cite><!--\/.author-->\n<\/div><\/div> <div class=\"clear\"><\/div><\/div><div id=\"quote-25342\" class=\"item col-lg-4 quote\"><blockquote class=\"testimonials-text\"><span style=\"color: #767676;\">\u201c\u2026Jamalfi ha deciso di investire sul suo splendido territorio creando dei cosmetici che sfruttassero le propriet\u00e0 di alcune delle pi\u00f9 interessanti materie prime locali ma ha deciso di puntare anche sulle biodiversit\u00e0 della propria terra infatti nei suoi cosmetici \u00e8 presente il limone Sfusato amalfitano.\r\nApprezzo molto questa scelta perch\u00e9 in questo modo viene valorizzato il territorio attraverso un prodotto tipico e poco \u201csfruttato\u201d inoltre in questo caso si fa anche una scelta ecologica dato che si tratta di ingredienti a km 0.\u201d<\/span><\/blockquote><div class=\"testimonial-info\"><a class=\"avatar-link\"><img decoding=\"async\" src=\"https:\/\/www.jamalfi.bio\/wp-content\/uploads\/2018\/07\/makeup-addicted-60x60.jpg\"><\/a> <div class=\"testimonial-author\"><cite class=\"author\"><strong>Make Up Bio Addicted<\/strong> <span class=\"url\"><a href=\"http:\/\/makeupbioaddicted.altervista.org\/burro-corpo-jamalfi\/M\">http:\/\/makeupbioaddicted.altervista.org\/burro-corpo-jamalfi\/M<\/a><\/span><!--\/.excerpt-->\n<\/cite><!--\/.author-->\n<\/div><\/div> <div class=\"clear\"><\/div><\/div><div id=\"quote-25344\" class=\"item col-lg-4 quote last\"><blockquote class=\"testimonials-text\"><span style=\"color: #767676;\">\u201c\u2026Ci\u00f2 che pi\u00f9 mi piace di questo olio, oltre al suo profumo sublime \u00e8 il fatto che si assorbe molto velocemente senza lasciare la pelle unta. E\u2019 il prodotto\u00a0ideale per chi, come me, ha la pelle perennemente secca e disidrata, lo utilizzo da pi\u00f9 di un mese e la mia pelle \u00e8 a dir poco rinata!\u201d<\/span><\/blockquote><div class=\"testimonial-info\"><a class=\"avatar-link\"><img decoding=\"async\" src=\"https:\/\/www.jamalfi.bio\/wp-content\/uploads\/2018\/07\/valentina-dipa-60x60.jpg\"><\/a> <div class=\"testimonial-author\"><cite class=\"author\"><strong>Valentina Dipa<\/strong> <span class=\"url\"><a href=\"http:\/\/www.valentinadipa.it\/jamalfi-body-oil\/\">http:\/\/www.valentinadipa.it\/jamalfi-body-oil\/<\/a><\/span><!--\/.excerpt-->\n<\/cite><!--\/.author-->\n<\/div><\/div> <div class=\"clear\"><\/div><\/div><div class=\"clear\"><\/div><\/div><!--row--><\/div><!--\/.testimonials-->\n\n[vc_separator type=&#8221;space&#8221; height=&#8221;20px&#8221;]<div class=\" ubtn-ctn-center \"><a class=\"ubtn-link ult-adjust-bottom-margin ubtn-center ubtn-block \" href=\"\/it\/contatti\" ><button type=\"button\" id=\"ubtn-6461\"  class=\"ubtn ult-adjust-bottom-margin ult-responsive ubtn-block ubtn-no-hover-bg  none  ubtn-center   tooltip-69e033b0b5621 ubtn-block\"  data-hover=\"\" data-border-color=\"\" data-bg=\"#83507d\" data-hover-bg=\"\" data-border-hover=\"\" data-shadow-hover=\"\" data-shadow-click=\"none\" data-shadow=\"\" data-shd-shadow=\"\"  data-ultimate-target='#ubtn-6461'  data-responsive-json-new='{\"font-size\":\"desktop:20px;\",\"line-height\":\"\"}'  style=\"font-weight:normal;border:none;background: #83507d;color: #ffffff;\"><span class=\"ubtn-hover\" style=\"background-color:\"><\/span><span class=\"ubtn-data ubtn-text \" >Cerchi qualcosa di preciso? Clicca qui per contattare il nostro ufficio commerciale!<\/span><\/button><\/a><\/div>[\/vc_column][\/vc_row]<\/p>\n<\/div><span class=\"et_bloom_bottom_trigger\"><\/span>","protected":false},"excerpt":{"rendered":"<p>&#8230;<\/p>\n","protected":false},"author":1,"featured_media":0,"parent":0,"menu_order":0,"comment_status":"closed","ping_status":"closed","template":"","meta":{"footnotes":""},"class_list":["post-25388","page","type-page","status-publish","hentry"],"yoast_head":"<!-- This site is optimized with the Yoast SEO plugin v25.6 - https:\/\/yoast.com\/wordpress\/plugins\/seo\/ -->\n<title>Negozi Bio Cosmetica - Jamalfi Biocosmetics<\/title>\n<meta name=\"robots\" content=\"index, follow, max-snippet:-1, max-image-preview:large, max-video-preview:-1\" \/>\n<link rel=\"canonical\" href=\"https:\/\/www.jamalfi.bio\/it\/negozi-bio-cosmetica\/\" \/>\n<meta property=\"og:locale\" content=\"it_IT\" \/>\n<meta property=\"og:type\" content=\"article\" \/>\n<meta property=\"og:title\" content=\"Negozi Bio Cosmetica - Jamalfi Biocosmetics\" \/>\n<meta property=\"og:description\" content=\"...\" \/>\n<meta property=\"og:url\" content=\"https:\/\/www.jamalfi.bio\/it\/negozi-bio-cosmetica\/\" \/>\n<meta property=\"og:site_name\" content=\"Jamalfi Biocosmetics\" \/>\n<meta property=\"article:publisher\" content=\"http:\/\/www.facebook.com\/Jamalfibiocosmetics\/\" \/>\n<meta property=\"article:modified_time\" content=\"2021-09-20T09:09:45+00:00\" \/>\n<meta property=\"og:image\" content=\"https:\/\/www.jamalfi.bio\/wp-content\/uploads\/2018\/07\/Jamalfi-Bio-Cosmetics-new-logo-e1532077288475.png\" \/>\n\t<meta property=\"og:image:width\" content=\"201\" \/>\n\t<meta property=\"og:image:height\" content=\"100\" \/>\n\t<meta property=\"og:image:type\" content=\"image\/png\" \/>\n<meta name=\"twitter:card\" content=\"summary_large_image\" \/>\n<meta name=\"twitter:label1\" content=\"Tempo di lettura stimato\" \/>\n\t<meta name=\"twitter:data1\" content=\"5 minuti\" \/>\n<script type=\"application\/ld+json\" class=\"yoast-schema-graph\">{\"@context\":\"https:\/\/schema.org\",\"@graph\":[{\"@type\":\"WebPage\",\"@id\":\"https:\/\/www.jamalfi.bio\/it\/negozi-bio-cosmetica\/\",\"url\":\"https:\/\/www.jamalfi.bio\/it\/negozi-bio-cosmetica\/\",\"name\":\"Negozi Bio Cosmetica - Jamalfi Biocosmetics\",\"isPartOf\":{\"@id\":\"https:\/\/www.jamalfi.bio\/it\/#website\"},\"datePublished\":\"2018-07-05T14:35:49+00:00\",\"dateModified\":\"2021-09-20T09:09:45+00:00\",\"breadcrumb\":{\"@id\":\"https:\/\/www.jamalfi.bio\/it\/negozi-bio-cosmetica\/#breadcrumb\"},\"inLanguage\":\"it-IT\",\"potentialAction\":[{\"@type\":\"ReadAction\",\"target\":[\"https:\/\/www.jamalfi.bio\/it\/negozi-bio-cosmetica\/\"]}]},{\"@type\":\"BreadcrumbList\",\"@id\":\"https:\/\/www.jamalfi.bio\/it\/negozi-bio-cosmetica\/#breadcrumb\",\"itemListElement\":[{\"@type\":\"ListItem\",\"position\":1,\"name\":\"Home\",\"item\":\"https:\/\/www.jamalfi.bio\/it\/\"},{\"@type\":\"ListItem\",\"position\":2,\"name\":\"Negozi Bio Cosmetica\"}]},{\"@type\":\"WebSite\",\"@id\":\"https:\/\/www.jamalfi.bio\/it\/#website\",\"url\":\"https:\/\/www.jamalfi.bio\/it\/\",\"name\":\"Jamalfi Biocosmetics\",\"description\":\"Beauty Rituals from Amalfi Coast\",\"potentialAction\":[{\"@type\":\"SearchAction\",\"target\":{\"@type\":\"EntryPoint\",\"urlTemplate\":\"https:\/\/www.jamalfi.bio\/it\/?s={search_term_string}\"},\"query-input\":{\"@type\":\"PropertyValueSpecification\",\"valueRequired\":true,\"valueName\":\"search_term_string\"}}],\"inLanguage\":\"it-IT\"}]}<\/script>\n<!-- \/ Yoast SEO plugin. -->","yoast_head_json":{"title":"Negozi Bio Cosmetica - Jamalfi Biocosmetics","robots":{"index":"index","follow":"follow","max-snippet":"max-snippet:-1","max-image-preview":"max-image-preview:large","max-video-preview":"max-video-preview:-1"},"canonical":"https:\/\/www.jamalfi.bio\/it\/negozi-bio-cosmetica\/","og_locale":"it_IT","og_type":"article","og_title":"Negozi Bio Cosmetica - Jamalfi Biocosmetics","og_description":"...","og_url":"https:\/\/www.jamalfi.bio\/it\/negozi-bio-cosmetica\/","og_site_name":"Jamalfi Biocosmetics","article_publisher":"http:\/\/www.facebook.com\/Jamalfibiocosmetics\/","article_modified_time":"2021-09-20T09:09:45+00:00","og_image":[{"width":201,"height":100,"url":"https:\/\/www.jamalfi.bio\/wp-content\/uploads\/2018\/07\/Jamalfi-Bio-Cosmetics-new-logo-e1532077288475.png","type":"image\/png"}],"twitter_card":"summary_large_image","twitter_misc":{"Tempo di lettura stimato":"5 minuti"},"schema":{"@context":"https:\/\/schema.org","@graph":[{"@type":"WebPage","@id":"https:\/\/www.jamalfi.bio\/it\/negozi-bio-cosmetica\/","url":"https:\/\/www.jamalfi.bio\/it\/negozi-bio-cosmetica\/","name":"Negozi Bio Cosmetica - Jamalfi Biocosmetics","isPartOf":{"@id":"https:\/\/www.jamalfi.bio\/it\/#website"},"datePublished":"2018-07-05T14:35:49+00:00","dateModified":"2021-09-20T09:09:45+00:00","breadcrumb":{"@id":"https:\/\/www.jamalfi.bio\/it\/negozi-bio-cosmetica\/#breadcrumb"},"inLanguage":"it-IT","potentialAction":[{"@type":"ReadAction","target":["https:\/\/www.jamalfi.bio\/it\/negozi-bio-cosmetica\/"]}]},{"@type":"BreadcrumbList","@id":"https:\/\/www.jamalfi.bio\/it\/negozi-bio-cosmetica\/#breadcrumb","itemListElement":[{"@type":"ListItem","position":1,"name":"Home","item":"https:\/\/www.jamalfi.bio\/it\/"},{"@type":"ListItem","position":2,"name":"Negozi Bio Cosmetica"}]},{"@type":"WebSite","@id":"https:\/\/www.jamalfi.bio\/it\/#website","url":"https:\/\/www.jamalfi.bio\/it\/","name":"Jamalfi Biocosmetics","description":"Beauty Rituals from Amalfi Coast","potentialAction":[{"@type":"SearchAction","target":{"@type":"EntryPoint","urlTemplate":"https:\/\/www.jamalfi.bio\/it\/?s={search_term_string}"},"query-input":{"@type":"PropertyValueSpecification","valueRequired":true,"valueName":"search_term_string"}}],"inLanguage":"it-IT"}]}},"_links":{"self":[{"href":"https:\/\/www.jamalfi.bio\/it\/wp-json\/wp\/v2\/pages\/25388"}],"collection":[{"href":"https:\/\/www.jamalfi.bio\/it\/wp-json\/wp\/v2\/pages"}],"about":[{"href":"https:\/\/www.jamalfi.bio\/it\/wp-json\/wp\/v2\/types\/page"}],"author":[{"embeddable":true,"href":"https:\/\/www.jamalfi.bio\/it\/wp-json\/wp\/v2\/users\/1"}],"replies":[{"embeddable":true,"href":"https:\/\/www.jamalfi.bio\/it\/wp-json\/wp\/v2\/comments?post=25388"}],"version-history":[{"count":0,"href":"https:\/\/www.jamalfi.bio\/it\/wp-json\/wp\/v2\/pages\/25388\/revisions"}],"wp:attachment":[{"href":"https:\/\/www.jamalfi.bio\/it\/wp-json\/wp\/v2\/media?parent=25388"}],"curies":[{"name":"wp","href":"https:\/\/api.w.org\/{rel}","templated":true}]}}