{"id":25346,"date":"2018-07-05T15:36:04","date_gmt":"2018-07-05T14:36:04","guid":{"rendered":"https:\/\/www.jamalfi.bio\/our-excellence\/"},"modified":"2021-09-20T10:09:50","modified_gmt":"2021-09-20T09:09:50","slug":"dicono-di-noi","status":"publish","type":"page","link":"https:\/\/www.jamalfi.bio\/it\/dicono-di-noi\/","title":{"rendered":"Dicono di noi"},"content":{"rendered":"<div class=\"wpb-content-wrapper\"><p>[vc_row content_placement=&#8221;middle&#8221; el_class=&#8221;services-section&#8221;][vc_column][vc_custom_heading text=&#8221;DALL\u2019EDEN DELLA COSTIERA AMALFITANA, L\u2019ULTIMO PARADISO DEI SENSI&#8221; font_container=&#8221;tag:h2|font_size:14px|text_align:center|color:%2383507d|line_height:14px&#8221; google_fonts=&#8221;font_family:Raleway%3A100%2C200%2C300%2Cregular%2C500%2C600%2C700%2C800%2C900|font_style:700%20bold%20regular%3A700%3Anormal&#8221; css=&#8221;.vc_custom_1532348544367{margin-bottom: 10px !important;}&#8221; el_class=&#8221;letter-8&#8243;][vc_custom_heading text=&#8221;Dicono di noi&#8221; font_container=&#8221;tag:h1|font_size:52px|text_align:center|color:%233c3c3c|line_height:1.2em&#8221; google_fonts=&#8221;font_family:Raleway%3A100%2C200%2C300%2Cregular%2C500%2C600%2C700%2C800%2C900|font_style:900%20bold%20regular%3A900%3Anormal&#8221; css=&#8221;.vc_custom_1532348554149{margin-bottom: 15px !important;}&#8221; el_class=&#8221;letter-3 responsive-size&#8221;]\n<div id=\"owl-testimonials\" class=\"testimonial-grid testimonials\" data-navigation=\"\" data-interval=\"10000\" data-speed=\"900\" data-stop-on-hover=\"\" >\n<div class=\"row\"><div id=\"quote-25345\" class=\"item col-lg-4 quote first\"><blockquote class=\"testimonials-text\"><span style=\"color: #767676;\"> \u201c\u2026 un olio prezioso dal potere anti-age ... Ripara e nutre la pelle spenta, stanca e devitalizzata. I risultati? Fin dalle prime applicazioni, noterete una pelle luminosa e nutrita, vellutata\u2026\u201d <\/span><\/blockquote><div class=\"testimonial-info\"><a class=\"avatar-link\"><img decoding=\"async\" src=\"https:\/\/www.jamalfi.bio\/wp-content\/uploads\/2018\/07\/elena-rossi-vanity-space-60x60.jpg\"><\/a> <div class=\"testimonial-author\"><cite class=\"author\"><strong>Vanity Space Blog<\/strong> <span class=\"url\"><a href=\"https:\/\/www.youtube.com\/watch?v=zA8eT5L-vjQ\">https:\/\/www.youtube.com\/watch?v=zA8eT5L-vjQ<\/a><\/span><!--\/.excerpt-->\n<\/cite><!--\/.author-->\n<\/div><\/div> <div class=\"clear\"><\/div><\/div><div id=\"quote-25342\" class=\"item col-lg-4 quote\"><blockquote class=\"testimonials-text\"><span style=\"color: #767676;\">\u201c\u2026Jamalfi ha deciso di investire sul suo splendido territorio creando dei cosmetici che sfruttassero le propriet\u00e0 di alcune delle pi\u00f9 interessanti materie prime locali ma ha deciso di puntare anche sulle biodiversit\u00e0 della propria terra infatti nei suoi cosmetici \u00e8 presente il limone Sfusato amalfitano.\r\nApprezzo molto questa scelta perch\u00e9 in questo modo viene valorizzato il territorio attraverso un prodotto tipico e poco \u201csfruttato\u201d inoltre in questo caso si fa anche una scelta ecologica dato che si tratta di ingredienti a km 0.\u201d<\/span><\/blockquote><div class=\"testimonial-info\"><a class=\"avatar-link\"><img decoding=\"async\" src=\"https:\/\/www.jamalfi.bio\/wp-content\/uploads\/2018\/07\/makeup-addicted-60x60.jpg\"><\/a> <div class=\"testimonial-author\"><cite class=\"author\"><strong>Make Up Bio Addicted<\/strong> <span class=\"url\"><a href=\"http:\/\/makeupbioaddicted.altervista.org\/burro-corpo-jamalfi\/M\">http:\/\/makeupbioaddicted.altervista.org\/burro-corpo-jamalfi\/M<\/a><\/span><!--\/.excerpt-->\n<\/cite><!--\/.author-->\n<\/div><\/div> <div class=\"clear\"><\/div><\/div><div id=\"quote-25344\" class=\"item col-lg-4 quote\"><blockquote class=\"testimonials-text\"><span style=\"color: #767676;\">\u201c\u2026Ci\u00f2 che pi\u00f9 mi piace di questo olio, oltre al suo profumo sublime \u00e8 il fatto che si assorbe molto velocemente senza lasciare la pelle unta. E\u2019 il prodotto\u00a0ideale per chi, come me, ha la pelle perennemente secca e disidrata, lo utilizzo da pi\u00f9 di un mese e la mia pelle \u00e8 a dir poco rinata!\u201d<\/span><\/blockquote><div class=\"testimonial-info\"><a class=\"avatar-link\"><img decoding=\"async\" src=\"https:\/\/www.jamalfi.bio\/wp-content\/uploads\/2018\/07\/valentina-dipa-60x60.jpg\"><\/a> <div class=\"testimonial-author\"><cite class=\"author\"><strong>Valentina Dipa<\/strong> <span class=\"url\"><a href=\"http:\/\/www.valentinadipa.it\/jamalfi-body-oil\/\">http:\/\/www.valentinadipa.it\/jamalfi-body-oil\/<\/a><\/span><!--\/.excerpt-->\n<\/cite><!--\/.author-->\n<\/div><\/div> <div class=\"clear\"><\/div><\/div><div class=\"clear\"><\/div><\/div><div class=\"row\"><div id=\"quote-26562\" class=\"item col-lg-4 quote\"><blockquote class=\"testimonials-text\"><span style=\"color: #767676;\">\u201c\u2026Immaginate che quanto mi hanno detto che esisteva un'azienda di ecobio cosmemi amalfitana, la prima nel suo genere ed in quel territorio, che utilizzava i suoi prodotti tipici, non me lo sono fatto dire due volte: dovevo provare qualche referenza.\u201d<\/span><\/blockquote><div class=\"testimonial-info\"><a class=\"avatar-link\"><img decoding=\"async\" src=\"https:\/\/www.jamalfi.bio\/wp-content\/uploads\/2019\/10\/Logo-ORuBC-550x270-pngtrasparente-60x60.jpg\"><\/a> <div class=\"testimonial-author\"><cite class=\"author\"><strong>Ogni riccio un BioCapriccio<\/strong> <span class=\"url\"><a href=\"https:\/\/www.ogniricciounbiocapriccio.it\/2019\/05\/18\/jamalfi-dalla-costiera-amalfitana-con-amore\/\">https:\/\/www.ogniricciounbiocapriccio.it\/2019\/05\/18\/jamalfi-dalla-costiera-amalfitana-con-amore\/<\/a><\/span><!--\/.excerpt-->\n<\/cite><!--\/.author-->\n<\/div><\/div> <div class=\"clear\"><\/div><\/div><div id=\"quote-25341\" class=\"item col-lg-4 quote\"><blockquote class=\"testimonials-text\"><span style=\"color: #767676;\">\u201c\u2026Quest\u2019olio credetemi\u2026diviene un attimo di goduria e coccola assoluta per i sensi e per la nostra epidermide. La presenza di importantissimi attivi funzionali tra cui l\u2019Olio di Oliva Biologico DOP, noto per sue propriet\u00e0 protettive ed idratanti e Olio di Fico D\u2019India, dalle eccezionali propriet\u00e0 antiossidanti, rendono tale prodotto un vero e proprio trattamento pregiato per la bellezza del nostro corpo.. Dopo quasi un mese e mezzo di utilizzo, la mia pelle \u00e8 decisamente setosa, morbida, luminosa e soprattutto NON UNTA\u2026\u201d<\/span><\/blockquote><div class=\"testimonial-info\"><a class=\"avatar-link\"><img decoding=\"async\" src=\"https:\/\/www.jamalfi.bio\/wp-content\/uploads\/2018\/07\/biovale-60x60.jpg\"><\/a> <div class=\"testimonial-author\"><cite class=\"author\"><strong>BioVale<\/strong> <span class=\"url\"><a href=\"http:\/\/www.biovale85.com\/2017\/05\/26\/jamalfi-amalfi-coast-bio-cosmetics-olio-corpo\/\">http:\/\/www.biovale85.com\/2017\/05\/26\/jamalfi-amalfi-coast-bio-cosmetics-olio-corpo\/<\/a><\/span><!--\/.excerpt-->\n<\/cite><!--\/.author-->\n<\/div><\/div> <div class=\"clear\"><\/div><\/div><div id=\"quote-25338\" class=\"item col-lg-4 quote\"><blockquote class=\"testimonials-text\"><span style=\"color: #767676;\">\u201c\u2026Utilizzo questa crema con tantissimo gusto! \u00c8 il mio step finale prima di andare a dormire, l'alterno con altri prodotti, ma ogni volta che uso lei sento che lascia sulla pelle una traccia vellutata che ammorbidisce senza ungere.\u2028Perfetta anche sotto il trucco minerale\u2026\u201d<\/span><\/blockquote><div class=\"testimonial-info\"><a class=\"avatar-link\"><img decoding=\"async\" src=\"https:\/\/www.jamalfi.bio\/wp-content\/uploads\/2018\/07\/verdebio-60x60.jpg\"><\/a> <div class=\"testimonial-author\"><cite class=\"author\"><strong>Verdebio<\/strong> <span class=\"url\"><a href=\"http:\/\/verdebioapp.blogspot.it\/2017\/04\/preferiti-bio-del-periodo-febbraio_19.html\">http:\/\/verdebioapp.blogspot.it\/2017\/04\/preferiti-bio-del-periodo-febbraio_19.html<\/a><\/span><!--\/.excerpt-->\n<\/cite><!--\/.author-->\n<\/div><\/div> <div class=\"clear\"><\/div><\/div><div class=\"clear\"><\/div><\/div><div class=\"row\"><div id=\"quote-25340\" class=\"item col-lg-4 quote\"><blockquote class=\"testimonials-text\"><span style=\"color: #767676;\">\u201c\u2026Si avverte subito il suo potere nutritivo dato dal burro di karit\u00e8 e dall\u2019olio di argan, la pelle dalle prime applicazioni \u00e8 morbida, nutrita, liscia e compatta. Ha saputo soddisfare il mio bisogno di idratazione \u2026. veramente un prodotto valido che sento di promuovere a pieni voti e di consigliarvi caldamente\u2026\u201d<\/span><\/blockquote><div class=\"testimonial-info\"><a class=\"avatar-link\"><img decoding=\"async\" src=\"https:\/\/www.jamalfi.bio\/wp-content\/uploads\/2018\/07\/Sinceramente-bio-60x60.jpg\"><\/a> <div class=\"testimonial-author\"><cite class=\"author\"><strong>Sinceramente Bio<\/strong> <span class=\"url\"><a href=\"http:\/\/sinceramente.altervista.org\/jamalfi-bio-cosmetics-review-burro-corpo\/\">http:\/\/sinceramente.altervista.org\/jamalfi-bio-cosmetics-review-burro-corpo\/<\/a><\/span><!--\/.excerpt-->\n<\/cite><!--\/.author-->\n<\/div><\/div> <div class=\"clear\"><\/div><\/div><div id=\"quote-25337\" class=\"item col-lg-4 quote\"><blockquote class=\"testimonials-text\"><span style=\"color: #767676;\"> \u201c\u2026 gi\u00e0 dalla confezione che ho ricevuto, traspare tutta la cura dei dettagli e l\u2019amore che c\u2019\u00e8 all\u2019interno di questa Azienda.\u201d\r\n\r\n\u201c \u2026 Oltre la qualit\u00e0 del prodotto, la profumazione, l\u2019amore e la grande filosofia che c\u2019\u00e8 dietro l\u2019azienda, anche il packaging del prodotto \u00e8 incantevole, un flacone in vetro con un tappo contagocce in legno, davvero unico e particolare. Che dire ... totalmente innamorata!!\u201d<\/span><\/blockquote><div class=\"testimonial-info\"><a class=\"avatar-link\"><img decoding=\"async\" src=\"https:\/\/www.jamalfi.bio\/wp-content\/uploads\/2018\/07\/pavone-cosmetics-60x60.jpg\"><\/a> <div class=\"testimonial-author\"><cite class=\"author\"><strong>Pavone Cosmetics<\/strong> <span class=\"url\"><a href=\"http:\/\/www.pavonecosmetics.it\/jamalfi-olio-corpo-review\/\">http:\/\/www.pavonecosmetics.it\/jamalfi-olio-corpo-review\/<\/a><\/span><!--\/.excerpt-->\n<\/cite><!--\/.author-->\n<\/div><\/div> <div class=\"clear\"><\/div><\/div><div id=\"quote-25343\" class=\"item col-lg-4 quote\"><blockquote class=\"testimonials-text\"><span style=\"color: #767676;\">\u201c\u2026Ed ecco a voi\u00a0Jamalfi\u2026.aprendo il tappo del mio Bagnodoccia, sembra di fare un viaggio direttamente in Costiera Amalfitana!!!!\u2026\u201d<\/span><\/blockquote><div class=\"testimonial-info\"><a class=\"avatar-link\"><img decoding=\"async\" src=\"https:\/\/www.jamalfi.bio\/wp-content\/uploads\/2018\/07\/la-gatta-rosa-blog-60x60.jpg\"><\/a> <div class=\"testimonial-author\"><cite class=\"author\"><strong>La Gatta Rosa Blog<\/strong> <span class=\"url\"><a href=\"http:\/\/www.lagattarosablog.it\/2017\/01\/jamalfi-i-profumi-della-costiera.html\">http:\/\/www.lagattarosablog.it\/2017\/01\/jamalfi-i-profumi-della-costiera.html<\/a><\/span><!--\/.excerpt-->\n<\/cite><!--\/.author-->\n<\/div><\/div> <div class=\"clear\"><\/div><\/div><div class=\"clear\"><\/div><\/div><div class=\"row\"><div id=\"quote-26571\" class=\"item col-lg-4 quote last\"><blockquote class=\"testimonials-text\">\"...Ho deciso di scoprire questo marchio dopo che mi \u00e8 stato consigliato da alcune lettrici: si tratta di\u00a0<strong>un\u2019azienda della Costiera Amalfitana<\/strong> (la provenienza si intuisce gi\u00e0 dal packaging, la grafica \u00e8 ideata in collaborazione con il famoso laboratorio di ceramiche \u201cSolimene Art\u201d di Vietri sul Mare) e sfrutta molte materie prime locali.\"<\/blockquote><div class=\"testimonial-info\"><a class=\"avatar-link\"><img decoding=\"async\" src=\"https:\/\/www.jamalfi.bio\/wp-content\/uploads\/2019\/10\/ecocentrica-logo-60x60.jpg\"><\/a> <div class=\"testimonial-author\"><cite class=\"author\"><strong>ECOcentrica<\/strong> <span class=\"url\"><a href=\"https:\/\/ecocentrica.it\/creme-viso-giorno-e-notte-per-una-completa-skincare-bio\/\">https:\/\/ecocentrica.it\/creme-viso-giorno-e-notte-per-una-completa-skincare-bio\/<\/a><\/span><!--\/.excerpt-->\n<\/cite><!--\/.author-->\n<\/div><\/div> <div class=\"clear\"><\/div><\/div><div class=\"clear\"><\/div><\/div><!--row--><\/div><!--\/.testimonials-->\n\n<div class=\" ubtn-ctn-center \"><a class=\"ubtn-link ult-adjust-bottom-margin ubtn-center ubtn-block \" href=\"https:\/\/www.jamalfi.bio\/contatti\/\" ><button type=\"button\" id=\"ubtn-4666\"  class=\"ubtn ult-adjust-bottom-margin ult-responsive ubtn-block ubtn-no-hover-bg  none  ubtn-center   tooltip-69e2367b05d5e ubtn-block\"  data-hover=\"\" data-border-color=\"\" data-bg=\"#83507d\" data-hover-bg=\"\" data-border-hover=\"\" data-shadow-hover=\"\" data-shadow-click=\"none\" data-shadow=\"\" data-shd-shadow=\"\"  data-ultimate-target='#ubtn-4666'  data-responsive-json-new='{\"font-size\":\"desktop:20px;\",\"line-height\":\"\"}'  style=\"font-weight:normal;border:none;background: #83507d;color: #ffffff;\"><span class=\"ubtn-hover\" style=\"background-color:\"><\/span><span class=\"ubtn-data ubtn-text \" >Vuoi collaborare con noi? Clicca qui per contattare il nostro Ufficio Stampa!<\/span><\/button><\/a><\/div>[\/vc_column][\/vc_row][vc_row][vc_column][vc_separator type=&#8221;space&#8221; height=&#8221;20px&#8221;][\/vc_column][\/vc_row]<\/p>\n<\/div><span class=\"et_bloom_bottom_trigger\"><\/span>","protected":false},"excerpt":{"rendered":"<p>&#8230;<\/p>\n","protected":false},"author":1,"featured_media":0,"parent":0,"menu_order":0,"comment_status":"closed","ping_status":"closed","template":"","meta":{"footnotes":""},"class_list":["post-25346","page","type-page","status-publish","hentry"],"yoast_head":"<!-- This site is optimized with the Yoast SEO plugin v25.6 - https:\/\/yoast.com\/wordpress\/plugins\/seo\/ -->\n<title>Dicono di noi - Jamalfi Biocosmetics<\/title>\n<meta name=\"description\" content=\"Leggi cosa dicono di noi le riviste e gli influencer pi\u00f9 importanti del settore biocosmetica!\" \/>\n<meta name=\"robots\" content=\"index, follow, max-snippet:-1, max-image-preview:large, max-video-preview:-1\" \/>\n<link rel=\"canonical\" href=\"https:\/\/www.jamalfi.bio\/it\/dicono-di-noi\/\" \/>\n<meta property=\"og:locale\" content=\"it_IT\" \/>\n<meta property=\"og:type\" content=\"article\" \/>\n<meta property=\"og:title\" content=\"Dicono di noi - Jamalfi Biocosmetics\" \/>\n<meta property=\"og:description\" content=\"Leggi cosa dicono di noi le riviste e gli influencer pi\u00f9 importanti del settore biocosmetica!\" \/>\n<meta property=\"og:url\" content=\"https:\/\/www.jamalfi.bio\/it\/dicono-di-noi\/\" \/>\n<meta property=\"og:site_name\" content=\"Jamalfi Biocosmetics\" \/>\n<meta property=\"article:publisher\" content=\"http:\/\/www.facebook.com\/Jamalfibiocosmetics\/\" \/>\n<meta property=\"article:modified_time\" content=\"2021-09-20T09:09:50+00:00\" \/>\n<meta property=\"og:image\" content=\"https:\/\/www.jamalfi.bio\/wp-content\/uploads\/2018\/07\/Jamalfi-Bio-Cosmetics-new-logo-e1532077288475.png\" \/>\n\t<meta property=\"og:image:width\" content=\"201\" \/>\n\t<meta property=\"og:image:height\" content=\"100\" \/>\n\t<meta property=\"og:image:type\" content=\"image\/png\" \/>\n<meta name=\"twitter:card\" content=\"summary_large_image\" \/>\n<meta name=\"twitter:label1\" content=\"Tempo di lettura stimato\" \/>\n\t<meta name=\"twitter:data1\" content=\"1 minuto\" \/>\n<script type=\"application\/ld+json\" class=\"yoast-schema-graph\">{\"@context\":\"https:\/\/schema.org\",\"@graph\":[{\"@type\":\"WebPage\",\"@id\":\"https:\/\/www.jamalfi.bio\/it\/dicono-di-noi\/\",\"url\":\"https:\/\/www.jamalfi.bio\/it\/dicono-di-noi\/\",\"name\":\"Dicono di noi - Jamalfi Biocosmetics\",\"isPartOf\":{\"@id\":\"https:\/\/www.jamalfi.bio\/it\/#website\"},\"datePublished\":\"2018-07-05T14:36:04+00:00\",\"dateModified\":\"2021-09-20T09:09:50+00:00\",\"description\":\"Leggi cosa dicono di noi le riviste e gli influencer pi\u00f9 importanti del settore biocosmetica!\",\"breadcrumb\":{\"@id\":\"https:\/\/www.jamalfi.bio\/it\/dicono-di-noi\/#breadcrumb\"},\"inLanguage\":\"it-IT\",\"potentialAction\":[{\"@type\":\"ReadAction\",\"target\":[\"https:\/\/www.jamalfi.bio\/it\/dicono-di-noi\/\"]}]},{\"@type\":\"BreadcrumbList\",\"@id\":\"https:\/\/www.jamalfi.bio\/it\/dicono-di-noi\/#breadcrumb\",\"itemListElement\":[{\"@type\":\"ListItem\",\"position\":1,\"name\":\"Home\",\"item\":\"https:\/\/www.jamalfi.bio\/it\/\"},{\"@type\":\"ListItem\",\"position\":2,\"name\":\"Dicono di noi\"}]},{\"@type\":\"WebSite\",\"@id\":\"https:\/\/www.jamalfi.bio\/it\/#website\",\"url\":\"https:\/\/www.jamalfi.bio\/it\/\",\"name\":\"Jamalfi Biocosmetics\",\"description\":\"Beauty Rituals from Amalfi Coast\",\"potentialAction\":[{\"@type\":\"SearchAction\",\"target\":{\"@type\":\"EntryPoint\",\"urlTemplate\":\"https:\/\/www.jamalfi.bio\/it\/?s={search_term_string}\"},\"query-input\":{\"@type\":\"PropertyValueSpecification\",\"valueRequired\":true,\"valueName\":\"search_term_string\"}}],\"inLanguage\":\"it-IT\"}]}<\/script>\n<!-- \/ Yoast SEO plugin. -->","yoast_head_json":{"title":"Dicono di noi - Jamalfi Biocosmetics","description":"Leggi cosa dicono di noi le riviste e gli influencer pi\u00f9 importanti del settore biocosmetica!","robots":{"index":"index","follow":"follow","max-snippet":"max-snippet:-1","max-image-preview":"max-image-preview:large","max-video-preview":"max-video-preview:-1"},"canonical":"https:\/\/www.jamalfi.bio\/it\/dicono-di-noi\/","og_locale":"it_IT","og_type":"article","og_title":"Dicono di noi - Jamalfi Biocosmetics","og_description":"Leggi cosa dicono di noi le riviste e gli influencer pi\u00f9 importanti del settore biocosmetica!","og_url":"https:\/\/www.jamalfi.bio\/it\/dicono-di-noi\/","og_site_name":"Jamalfi Biocosmetics","article_publisher":"http:\/\/www.facebook.com\/Jamalfibiocosmetics\/","article_modified_time":"2021-09-20T09:09:50+00:00","og_image":[{"width":201,"height":100,"url":"https:\/\/www.jamalfi.bio\/wp-content\/uploads\/2018\/07\/Jamalfi-Bio-Cosmetics-new-logo-e1532077288475.png","type":"image\/png"}],"twitter_card":"summary_large_image","twitter_misc":{"Tempo di lettura stimato":"1 minuto"},"schema":{"@context":"https:\/\/schema.org","@graph":[{"@type":"WebPage","@id":"https:\/\/www.jamalfi.bio\/it\/dicono-di-noi\/","url":"https:\/\/www.jamalfi.bio\/it\/dicono-di-noi\/","name":"Dicono di noi - Jamalfi Biocosmetics","isPartOf":{"@id":"https:\/\/www.jamalfi.bio\/it\/#website"},"datePublished":"2018-07-05T14:36:04+00:00","dateModified":"2021-09-20T09:09:50+00:00","description":"Leggi cosa dicono di noi le riviste e gli influencer pi\u00f9 importanti del settore biocosmetica!","breadcrumb":{"@id":"https:\/\/www.jamalfi.bio\/it\/dicono-di-noi\/#breadcrumb"},"inLanguage":"it-IT","potentialAction":[{"@type":"ReadAction","target":["https:\/\/www.jamalfi.bio\/it\/dicono-di-noi\/"]}]},{"@type":"BreadcrumbList","@id":"https:\/\/www.jamalfi.bio\/it\/dicono-di-noi\/#breadcrumb","itemListElement":[{"@type":"ListItem","position":1,"name":"Home","item":"https:\/\/www.jamalfi.bio\/it\/"},{"@type":"ListItem","position":2,"name":"Dicono di noi"}]},{"@type":"WebSite","@id":"https:\/\/www.jamalfi.bio\/it\/#website","url":"https:\/\/www.jamalfi.bio\/it\/","name":"Jamalfi Biocosmetics","description":"Beauty Rituals from Amalfi Coast","potentialAction":[{"@type":"SearchAction","target":{"@type":"EntryPoint","urlTemplate":"https:\/\/www.jamalfi.bio\/it\/?s={search_term_string}"},"query-input":{"@type":"PropertyValueSpecification","valueRequired":true,"valueName":"search_term_string"}}],"inLanguage":"it-IT"}]}},"_links":{"self":[{"href":"https:\/\/www.jamalfi.bio\/it\/wp-json\/wp\/v2\/pages\/25346"}],"collection":[{"href":"https:\/\/www.jamalfi.bio\/it\/wp-json\/wp\/v2\/pages"}],"about":[{"href":"https:\/\/www.jamalfi.bio\/it\/wp-json\/wp\/v2\/types\/page"}],"author":[{"embeddable":true,"href":"https:\/\/www.jamalfi.bio\/it\/wp-json\/wp\/v2\/users\/1"}],"replies":[{"embeddable":true,"href":"https:\/\/www.jamalfi.bio\/it\/wp-json\/wp\/v2\/comments?post=25346"}],"version-history":[{"count":0,"href":"https:\/\/www.jamalfi.bio\/it\/wp-json\/wp\/v2\/pages\/25346\/revisions"}],"wp:attachment":[{"href":"https:\/\/www.jamalfi.bio\/it\/wp-json\/wp\/v2\/media?parent=25346"}],"curies":[{"name":"wp","href":"https:\/\/api.w.org\/{rel}","templated":true}]}}